{"id":6432,"date":"2022-08-23T21:27:14","date_gmt":"2022-08-23T21:27:14","guid":{"rendered":"https:\/\/www.homscales.com\/product\/optional-mechanical-height-rod-for-1110-series-must-have-an-1110kl-and-1110hb\/"},"modified":"2022-08-24T18:24:46","modified_gmt":"2022-08-24T18:24:46","slug":"optional-mechanical-height-rod-for-1110-series-must-have-an-1110kl-and-1110hb","status":"publish","type":"product","link":"\/es\/201hr-1110\/","title":{"rendered":"Estad\u00edmetro mec\u00e1nico para b\u00e1sculas de la serie 1110"},"template":"","product_category":[120,116],"facility_type":[93,127,129],"type_of_scale":[],"scale_format":[],"capacity":[],"certification":[],"acf":[],"_links":{"self":[{"href":"\/es\/wp-json\/wp\/v2\/product\/6432"}],"collection":[{"href":"\/es\/wp-json\/wp\/v2\/product"}],"about":[{"href":"\/es\/wp-json\/wp\/v2\/types\/product"}],"version-history":[{"count":3,"href":"\/es\/wp-json\/wp\/v2\/product\/6432\/revisions"}],"predecessor-version":[{"id":6435,"href":"\/es\/wp-json\/wp\/v2\/product\/6432\/revisions\/6435"}],"wp:attachment":[{"href":"\/es\/wp-json\/wp\/v2\/media?parent=6432"}],"wp:term":[{"taxonomy":"product_category","embeddable":true,"href":"\/es\/wp-json\/wp\/v2\/product_category?post=6432"},{"taxonomy":"facility_type","embeddable":true,"href":"\/es\/wp-json\/wp\/v2\/facility_type?post=6432"},{"taxonomy":"type_of_scale","embeddable":true,"href":"\/es\/wp-json\/wp\/v2\/type_of_scale?post=6432"},{"taxonomy":"scale_format","embeddable":true,"href":"\/es\/wp-json\/wp\/v2\/scale_format?post=6432"},{"taxonomy":"capacity","embeddable":true,"href":"\/es\/wp-json\/wp\/v2\/capacity?post=6432"},{"taxonomy":"certification","embeddable":true,"href":"\/es\/wp-json\/wp\/v2\/certification?post=6432"}],"curies":[{"name":"wp","href":"https:\/\/api.w.org\/{rel}","templated":true}]}}