{"id":5964,"date":"2022-05-24T20:36:39","date_gmt":"2022-05-24T20:36:39","guid":{"rendered":"https:\/\/www.homscales.com\/product\/mechanical-height-rod-for-3105-series-of-scales\/"},"modified":"2022-06-17T15:33:05","modified_gmt":"2022-06-17T15:33:05","slug":"mechanical-height-rod-for-3105-series-of-scales","status":"publish","type":"product","link":"\/es\/201hr-3105\/","title":{"rendered":"Estad\u00edmetro mec\u00e1nico para b\u00e1sculas de la serie 3105"},"template":"","product_category":[92,116],"facility_type":[93,127,130],"type_of_scale":[],"scale_format":[],"capacity":[],"certification":[],"acf":[],"_links":{"self":[{"href":"\/es\/wp-json\/wp\/v2\/product\/5964"}],"collection":[{"href":"\/es\/wp-json\/wp\/v2\/product"}],"about":[{"href":"\/es\/wp-json\/wp\/v2\/types\/product"}],"version-history":[{"count":4,"href":"\/es\/wp-json\/wp\/v2\/product\/5964\/revisions"}],"predecessor-version":[{"id":5970,"href":"\/es\/wp-json\/wp\/v2\/product\/5964\/revisions\/5970"}],"wp:attachment":[{"href":"\/es\/wp-json\/wp\/v2\/media?parent=5964"}],"wp:term":[{"taxonomy":"product_category","embeddable":true,"href":"\/es\/wp-json\/wp\/v2\/product_category?post=5964"},{"taxonomy":"facility_type","embeddable":true,"href":"\/es\/wp-json\/wp\/v2\/facility_type?post=5964"},{"taxonomy":"type_of_scale","embeddable":true,"href":"\/es\/wp-json\/wp\/v2\/type_of_scale?post=5964"},{"taxonomy":"scale_format","embeddable":true,"href":"\/es\/wp-json\/wp\/v2\/scale_format?post=5964"},{"taxonomy":"capacity","embeddable":true,"href":"\/es\/wp-json\/wp\/v2\/capacity?post=5964"},{"taxonomy":"certification","embeddable":true,"href":"\/es\/wp-json\/wp\/v2\/certification?post=5964"}],"curies":[{"name":"wp","href":"https:\/\/api.w.org\/{rel}","templated":true}]}}