{"id":5160,"date":"2022-01-06T17:17:11","date_gmt":"2022-01-06T17:17:11","guid":{"rendered":"https:\/\/www.homscales.com\/product\/heavy-duty-eye-level-digital-scale-with-integral-digital-height-rod-and-built-in-pelstar-wireless-technology\/"},"modified":"2025-05-13T21:29:13","modified_gmt":"2025-05-13T21:29:13","slug":"heavy-duty-eye-level-digital-scale-with-integral-digital-height-rod-and-built-in-pelstar-wireless-technology","status":"publish","type":"product","link":"\/es\/600kl-bt\/","title":{"rendered":"B\u00e1scula a Nivel de los Ojos con Tall\u00edmetro 600KL-BT Digital y Tecnolog\u00eda Pelstar Inal\u00e1mbrica,"},"template":"","product_category":[104],"facility_type":[121,124,130],"type_of_scale":[94],"scale_format":[148,150,151,153,154,156,158],"capacity":[97],"certification":[99],"acf":[],"_links":{"self":[{"href":"\/es\/wp-json\/wp\/v2\/product\/5160"}],"collection":[{"href":"\/es\/wp-json\/wp\/v2\/product"}],"about":[{"href":"\/es\/wp-json\/wp\/v2\/types\/product"}],"version-history":[{"count":9,"href":"\/es\/wp-json\/wp\/v2\/product\/5160\/revisions"}],"predecessor-version":[{"id":11724,"href":"\/es\/wp-json\/wp\/v2\/product\/5160\/revisions\/11724"}],"wp:attachment":[{"href":"\/es\/wp-json\/wp\/v2\/media?parent=5160"}],"wp:term":[{"taxonomy":"product_category","embeddable":true,"href":"\/es\/wp-json\/wp\/v2\/product_category?post=5160"},{"taxonomy":"facility_type","embeddable":true,"href":"\/es\/wp-json\/wp\/v2\/facility_type?post=5160"},{"taxonomy":"type_of_scale","embeddable":true,"href":"\/es\/wp-json\/wp\/v2\/type_of_scale?post=5160"},{"taxonomy":"scale_format","embeddable":true,"href":"\/es\/wp-json\/wp\/v2\/scale_format?post=5160"},{"taxonomy":"capacity","embeddable":true,"href":"\/es\/wp-json\/wp\/v2\/capacity?post=5160"},{"taxonomy":"certification","embeddable":true,"href":"\/es\/wp-json\/wp\/v2\/certification?post=5160"}],"curies":[{"name":"wp","href":"https:\/\/api.w.org\/{rel}","templated":true}]}}