{"id":2898,"date":"2021-07-20T18:51:03","date_gmt":"2021-07-20T18:51:03","guid":{"rendered":"https:\/\/products-health-o-meter.pantheonsite.io\/digital-pediatric-tray-scale-with-mechanical-height-rod\/"},"modified":"2025-04-22T18:48:37","modified_gmt":"2025-04-22T18:48:37","slug":"digital-pediatric-tray-scale-with-mechanical-height-rod","status":"publish","type":"product","link":"\/es\/522kl-hr\/","title":{"rendered":"B\u00e1scula Digital Pedi\u00e1trica de Bandeja con Tall\u00edmetro Mec\u00e1nico"},"template":"","product_category":[105],"facility_type":[122,130],"type_of_scale":[141],"scale_format":[150,151,153,154,156],"capacity":[96],"certification":[99],"acf":[],"_links":{"self":[{"href":"\/es\/wp-json\/wp\/v2\/product\/2898"}],"collection":[{"href":"\/es\/wp-json\/wp\/v2\/product"}],"about":[{"href":"\/es\/wp-json\/wp\/v2\/types\/product"}],"version-history":[{"count":7,"href":"\/es\/wp-json\/wp\/v2\/product\/2898\/revisions"}],"predecessor-version":[{"id":11517,"href":"\/es\/wp-json\/wp\/v2\/product\/2898\/revisions\/11517"}],"wp:attachment":[{"href":"\/es\/wp-json\/wp\/v2\/media?parent=2898"}],"wp:term":[{"taxonomy":"product_category","embeddable":true,"href":"\/es\/wp-json\/wp\/v2\/product_category?post=2898"},{"taxonomy":"facility_type","embeddable":true,"href":"\/es\/wp-json\/wp\/v2\/facility_type?post=2898"},{"taxonomy":"type_of_scale","embeddable":true,"href":"\/es\/wp-json\/wp\/v2\/type_of_scale?post=2898"},{"taxonomy":"scale_format","embeddable":true,"href":"\/es\/wp-json\/wp\/v2\/scale_format?post=2898"},{"taxonomy":"capacity","embeddable":true,"href":"\/es\/wp-json\/wp\/v2\/capacity?post=2898"},{"taxonomy":"certification","embeddable":true,"href":"\/es\/wp-json\/wp\/v2\/certification?post=2898"}],"curies":[{"name":"wp","href":"https:\/\/api.w.org\/{rel}","templated":true}]}}