{"id":2842,"date":"2021-07-15T14:54:27","date_gmt":"2021-07-15T14:54:27","guid":{"rendered":"https:\/\/products-health-o-meter.pantheonsite.io\/digital-wet-diaper-lap-sponge-organ-scale-with-pan\/"},"modified":"2021-12-14T14:43:19","modified_gmt":"2021-12-14T14:43:19","slug":"digital-wet-diaper-lap-sponge-organ-scale-with-pan","status":"publish","type":"product","link":"\/es\/3400kl\/","title":{"rendered":"B\u00e1scula Digital para Pa\u00f1ales, Compresas de Laparotom\u00eda u \u00d3rganos"},"template":"","product_category":[112],"facility_type":[93,129,135],"type_of_scale":[145],"scale_format":[150,157],"capacity":[96],"certification":[166],"acf":[],"_links":{"self":[{"href":"\/es\/wp-json\/wp\/v2\/product\/2842"}],"collection":[{"href":"\/es\/wp-json\/wp\/v2\/product"}],"about":[{"href":"\/es\/wp-json\/wp\/v2\/types\/product"}],"version-history":[{"count":0,"href":"\/es\/wp-json\/wp\/v2\/product\/2842\/revisions"}],"wp:attachment":[{"href":"\/es\/wp-json\/wp\/v2\/media?parent=2842"}],"wp:term":[{"taxonomy":"product_category","embeddable":true,"href":"\/es\/wp-json\/wp\/v2\/product_category?post=2842"},{"taxonomy":"facility_type","embeddable":true,"href":"\/es\/wp-json\/wp\/v2\/facility_type?post=2842"},{"taxonomy":"type_of_scale","embeddable":true,"href":"\/es\/wp-json\/wp\/v2\/type_of_scale?post=2842"},{"taxonomy":"scale_format","embeddable":true,"href":"\/es\/wp-json\/wp\/v2\/scale_format?post=2842"},{"taxonomy":"capacity","embeddable":true,"href":"\/es\/wp-json\/wp\/v2\/capacity?post=2842"},{"taxonomy":"certification","embeddable":true,"href":"\/es\/wp-json\/wp\/v2\/certification?post=2842"}],"curies":[{"name":"wp","href":"https:\/\/api.w.org\/{rel}","templated":true}]}}