{"id":2841,"date":"2021-07-15T15:44:25","date_gmt":"2021-07-15T15:44:25","guid":{"rendered":"https:\/\/products-health-o-meter.pantheonsite.io\/digital-wet-diaper-lap-sponge-organ-scale-with-tray\/"},"modified":"2021-12-14T14:36:57","modified_gmt":"2021-12-14T14:36:57","slug":"digital-wet-diaper-lap-sponge-organ-scale-with-tray","status":"publish","type":"product","link":"\/es\/3401kl\/","title":{"rendered":"B\u00e1scula Digital para Pa\u00f1ales, Compresas de Laparotom\u00eda u \u00d3rganos con Bandeja"},"template":"","product_category":[112],"facility_type":[93,129,135],"type_of_scale":[145],"scale_format":[150,157],"capacity":[96],"certification":[166],"acf":[],"_links":{"self":[{"href":"\/es\/wp-json\/wp\/v2\/product\/2841"}],"collection":[{"href":"\/es\/wp-json\/wp\/v2\/product"}],"about":[{"href":"\/es\/wp-json\/wp\/v2\/types\/product"}],"version-history":[{"count":0,"href":"\/es\/wp-json\/wp\/v2\/product\/2841\/revisions"}],"wp:attachment":[{"href":"\/es\/wp-json\/wp\/v2\/media?parent=2841"}],"wp:term":[{"taxonomy":"product_category","embeddable":true,"href":"\/es\/wp-json\/wp\/v2\/product_category?post=2841"},{"taxonomy":"facility_type","embeddable":true,"href":"\/es\/wp-json\/wp\/v2\/facility_type?post=2841"},{"taxonomy":"type_of_scale","embeddable":true,"href":"\/es\/wp-json\/wp\/v2\/type_of_scale?post=2841"},{"taxonomy":"scale_format","embeddable":true,"href":"\/es\/wp-json\/wp\/v2\/scale_format?post=2841"},{"taxonomy":"capacity","embeddable":true,"href":"\/es\/wp-json\/wp\/v2\/capacity?post=2841"},{"taxonomy":"certification","embeddable":true,"href":"\/es\/wp-json\/wp\/v2\/certification?post=2841"}],"curies":[{"name":"wp","href":"https:\/\/api.w.org\/{rel}","templated":true}]}}