{"id":2829,"date":"2021-07-22T16:39:00","date_gmt":"2021-07-22T16:39:00","guid":{"rendered":"https:\/\/products-health-o-meter.pantheonsite.io\/infant-to-toddler-2-in-1-digital-scale\/"},"modified":"2021-12-16T18:45:31","modified_gmt":"2021-12-16T18:45:31","slug":"infant-to-toddler-2-in-1-digital-scale","status":"publish","type":"product","link":"\/es\/550kl\/","title":{"rendered":"B\u00e1scula Digital 2 en 1 Para Beb\u00e9s y Ni\u00f1os Peque\u00f1os"},"template":"","product_category":[105],"facility_type":[122,130,134],"type_of_scale":[94,141],"scale_format":[150,157],"capacity":[96],"certification":[166],"acf":[],"_links":{"self":[{"href":"\/es\/wp-json\/wp\/v2\/product\/2829"}],"collection":[{"href":"\/es\/wp-json\/wp\/v2\/product"}],"about":[{"href":"\/es\/wp-json\/wp\/v2\/types\/product"}],"version-history":[{"count":1,"href":"\/es\/wp-json\/wp\/v2\/product\/2829\/revisions"}],"predecessor-version":[{"id":2830,"href":"\/es\/wp-json\/wp\/v2\/product\/2829\/revisions\/2830"}],"wp:attachment":[{"href":"\/es\/wp-json\/wp\/v2\/media?parent=2829"}],"wp:term":[{"taxonomy":"product_category","embeddable":true,"href":"\/es\/wp-json\/wp\/v2\/product_category?post=2829"},{"taxonomy":"facility_type","embeddable":true,"href":"\/es\/wp-json\/wp\/v2\/facility_type?post=2829"},{"taxonomy":"type_of_scale","embeddable":true,"href":"\/es\/wp-json\/wp\/v2\/type_of_scale?post=2829"},{"taxonomy":"scale_format","embeddable":true,"href":"\/es\/wp-json\/wp\/v2\/scale_format?post=2829"},{"taxonomy":"capacity","embeddable":true,"href":"\/es\/wp-json\/wp\/v2\/capacity?post=2829"},{"taxonomy":"certification","embeddable":true,"href":"\/es\/wp-json\/wp\/v2\/certification?post=2829"}],"curies":[{"name":"wp","href":"https:\/\/api.w.org\/{rel}","templated":true}]}}