{"id":2822,"date":"2021-07-20T20:36:55","date_gmt":"2021-07-20T20:36:55","guid":{"rendered":"https:\/\/products-health-o-meter.pantheonsite.io\/digital-pediatric-tray-scale-with-mechanical-height-rod-2\/"},"modified":"2025-04-22T20:36:08","modified_gmt":"2025-04-22T20:36:08","slug":"digital-pediatric-tray-scale-with-mechanical-height-rod-2","status":"publish","type":"product","link":"\/es\/553kl-hr\/","title":{"rendered":"B\u00e1scula Pedi\u00e1trica Digital con Varilla de Altura Mec\u00e1nica"},"template":"","product_category":[105],"facility_type":[130,133,134,135],"type_of_scale":[141],"scale_format":[150,151,153,154,156,157],"capacity":[96],"certification":[99],"acf":[],"_links":{"self":[{"href":"\/es\/wp-json\/wp\/v2\/product\/2822"}],"collection":[{"href":"\/es\/wp-json\/wp\/v2\/product"}],"about":[{"href":"\/es\/wp-json\/wp\/v2\/types\/product"}],"version-history":[{"count":3,"href":"\/es\/wp-json\/wp\/v2\/product\/2822\/revisions"}],"predecessor-version":[{"id":11543,"href":"\/es\/wp-json\/wp\/v2\/product\/2822\/revisions\/11543"}],"wp:attachment":[{"href":"\/es\/wp-json\/wp\/v2\/media?parent=2822"}],"wp:term":[{"taxonomy":"product_category","embeddable":true,"href":"\/es\/wp-json\/wp\/v2\/product_category?post=2822"},{"taxonomy":"facility_type","embeddable":true,"href":"\/es\/wp-json\/wp\/v2\/facility_type?post=2822"},{"taxonomy":"type_of_scale","embeddable":true,"href":"\/es\/wp-json\/wp\/v2\/type_of_scale?post=2822"},{"taxonomy":"scale_format","embeddable":true,"href":"\/es\/wp-json\/wp\/v2\/scale_format?post=2822"},{"taxonomy":"capacity","embeddable":true,"href":"\/es\/wp-json\/wp\/v2\/capacity?post=2822"},{"taxonomy":"certification","embeddable":true,"href":"\/es\/wp-json\/wp\/v2\/certification?post=2822"}],"curies":[{"name":"wp","href":"https:\/\/api.w.org\/{rel}","templated":true}]}}