{"id":2809,"date":"2021-07-22T18:57:26","date_gmt":"2021-07-22T18:57:26","guid":{"rendered":"https:\/\/products-health-o-meter.pantheonsite.io\/digital-portable-pediatric-tray-scale\/"},"modified":"2021-12-16T18:46:02","modified_gmt":"2021-12-16T18:46:02","slug":"digital-portable-pediatric-tray-scale","status":"publish","type":"product","link":"\/es\/8320kl\/","title":{"rendered":"B\u00e1scula de Bandeja Pedi\u00e1trica Port\u00e1til Digital"},"template":"","product_category":[105,109],"facility_type":[122,131,134,135],"type_of_scale":[141,144],"scale_format":[150,157],"capacity":[96],"certification":[],"acf":[],"_links":{"self":[{"href":"\/es\/wp-json\/wp\/v2\/product\/2809"}],"collection":[{"href":"\/es\/wp-json\/wp\/v2\/product"}],"about":[{"href":"\/es\/wp-json\/wp\/v2\/types\/product"}],"version-history":[{"count":1,"href":"\/es\/wp-json\/wp\/v2\/product\/2809\/revisions"}],"predecessor-version":[{"id":2810,"href":"\/es\/wp-json\/wp\/v2\/product\/2809\/revisions\/2810"}],"wp:attachment":[{"href":"\/es\/wp-json\/wp\/v2\/media?parent=2809"}],"wp:term":[{"taxonomy":"product_category","embeddable":true,"href":"\/es\/wp-json\/wp\/v2\/product_category?post=2809"},{"taxonomy":"facility_type","embeddable":true,"href":"\/es\/wp-json\/wp\/v2\/facility_type?post=2809"},{"taxonomy":"type_of_scale","embeddable":true,"href":"\/es\/wp-json\/wp\/v2\/type_of_scale?post=2809"},{"taxonomy":"scale_format","embeddable":true,"href":"\/es\/wp-json\/wp\/v2\/scale_format?post=2809"},{"taxonomy":"capacity","embeddable":true,"href":"\/es\/wp-json\/wp\/v2\/capacity?post=2809"},{"taxonomy":"certification","embeddable":true,"href":"\/es\/wp-json\/wp\/v2\/certification?post=2809"}],"curies":[{"name":"wp","href":"https:\/\/api.w.org\/{rel}","templated":true}]}}