{"id":2804,"date":"2021-07-22T19:15:41","date_gmt":"2021-07-22T19:15:41","guid":{"rendered":"https:\/\/products-health-o-meter.pantheonsite.io\/hanging-pediatric-scale-portable\/"},"modified":"2021-12-16T18:44:21","modified_gmt":"2021-12-16T18:44:21","slug":"hanging-pediatric-scale-portable","status":"publish","type":"product","link":"\/es\/babyslingscale\/","title":{"rendered":"B\u00e1scula Pedi\u00e1trica Port\u00e1til con Cabestrillo Colgante"},"template":"","product_category":[105],"facility_type":[122,130],"type_of_scale":[141],"scale_format":[155,157],"capacity":[96],"certification":[],"acf":[],"_links":{"self":[{"href":"\/es\/wp-json\/wp\/v2\/product\/2804"}],"collection":[{"href":"\/es\/wp-json\/wp\/v2\/product"}],"about":[{"href":"\/es\/wp-json\/wp\/v2\/types\/product"}],"version-history":[{"count":0,"href":"\/es\/wp-json\/wp\/v2\/product\/2804\/revisions"}],"wp:attachment":[{"href":"\/es\/wp-json\/wp\/v2\/media?parent=2804"}],"wp:term":[{"taxonomy":"product_category","embeddable":true,"href":"\/es\/wp-json\/wp\/v2\/product_category?post=2804"},{"taxonomy":"facility_type","embeddable":true,"href":"\/es\/wp-json\/wp\/v2\/facility_type?post=2804"},{"taxonomy":"type_of_scale","embeddable":true,"href":"\/es\/wp-json\/wp\/v2\/type_of_scale?post=2804"},{"taxonomy":"scale_format","embeddable":true,"href":"\/es\/wp-json\/wp\/v2\/scale_format?post=2804"},{"taxonomy":"capacity","embeddable":true,"href":"\/es\/wp-json\/wp\/v2\/capacity?post=2804"},{"taxonomy":"certification","embeddable":true,"href":"\/es\/wp-json\/wp\/v2\/certification?post=2804"}],"curies":[{"name":"wp","href":"https:\/\/api.w.org\/{rel}","templated":true}]}}