{"id":2803,"date":"2021-07-22T19:30:01","date_gmt":"2021-07-22T19:30:01","guid":{"rendered":"https:\/\/products-health-o-meter.pantheonsite.io\/mechanical-diaper-small-platform\/"},"modified":"2021-12-16T18:46:15","modified_gmt":"2021-12-16T18:46:15","slug":"mechanical-diaper-small-platform","status":"publish","type":"product","link":"\/es\/yg500r\/","title":{"rendered":"B\u00e1scula Mec\u00e1nica para Pesar Pa\u00f1ales"},"template":"","product_category":[105],"facility_type":[128,129,135],"type_of_scale":[141],"scale_format":[155],"capacity":[96],"certification":[],"acf":[],"_links":{"self":[{"href":"\/es\/wp-json\/wp\/v2\/product\/2803"}],"collection":[{"href":"\/es\/wp-json\/wp\/v2\/product"}],"about":[{"href":"\/es\/wp-json\/wp\/v2\/types\/product"}],"version-history":[{"count":0,"href":"\/es\/wp-json\/wp\/v2\/product\/2803\/revisions"}],"wp:attachment":[{"href":"\/es\/wp-json\/wp\/v2\/media?parent=2803"}],"wp:term":[{"taxonomy":"product_category","embeddable":true,"href":"\/es\/wp-json\/wp\/v2\/product_category?post=2803"},{"taxonomy":"facility_type","embeddable":true,"href":"\/es\/wp-json\/wp\/v2\/facility_type?post=2803"},{"taxonomy":"type_of_scale","embeddable":true,"href":"\/es\/wp-json\/wp\/v2\/type_of_scale?post=2803"},{"taxonomy":"scale_format","embeddable":true,"href":"\/es\/wp-json\/wp\/v2\/scale_format?post=2803"},{"taxonomy":"capacity","embeddable":true,"href":"\/es\/wp-json\/wp\/v2\/capacity?post=2803"},{"taxonomy":"certification","embeddable":true,"href":"\/es\/wp-json\/wp\/v2\/certification?post=2803"}],"curies":[{"name":"wp","href":"https:\/\/api.w.org\/{rel}","templated":true}]}}