{"id":2696,"date":"2021-06-16T20:49:31","date_gmt":"2021-06-16T20:49:31","guid":{"rendered":"https:\/\/products-health-o-meter.pantheonsite.io\/mechanical-pediatric-seat-scale\/"},"modified":"2021-11-08T23:36:49","modified_gmt":"2021-11-08T23:36:49","slug":"mechanical-pediatric-seat-scale","status":"publish","type":"product","link":"\/es\/1524kl\/","title":{"rendered":"B\u00e1scula Mec\u00e1nica Pedi\u00e1trica con Asiento"},"template":"","product_category":[105],"facility_type":[122,130],"type_of_scale":[],"scale_format":[155],"capacity":[96],"certification":[],"acf":[],"_links":{"self":[{"href":"\/es\/wp-json\/wp\/v2\/product\/2696"}],"collection":[{"href":"\/es\/wp-json\/wp\/v2\/product"}],"about":[{"href":"\/es\/wp-json\/wp\/v2\/types\/product"}],"version-history":[{"count":0,"href":"\/es\/wp-json\/wp\/v2\/product\/2696\/revisions"}],"wp:attachment":[{"href":"\/es\/wp-json\/wp\/v2\/media?parent=2696"}],"wp:term":[{"taxonomy":"product_category","embeddable":true,"href":"\/es\/wp-json\/wp\/v2\/product_category?post=2696"},{"taxonomy":"facility_type","embeddable":true,"href":"\/es\/wp-json\/wp\/v2\/facility_type?post=2696"},{"taxonomy":"type_of_scale","embeddable":true,"href":"\/es\/wp-json\/wp\/v2\/type_of_scale?post=2696"},{"taxonomy":"scale_format","embeddable":true,"href":"\/es\/wp-json\/wp\/v2\/scale_format?post=2696"},{"taxonomy":"capacity","embeddable":true,"href":"\/es\/wp-json\/wp\/v2\/capacity?post=2696"},{"taxonomy":"certification","embeddable":true,"href":"\/es\/wp-json\/wp\/v2\/certification?post=2696"}],"curies":[{"name":"wp","href":"https:\/\/api.w.org\/{rel}","templated":true}]}}