{"id":10061,"date":"2024-08-05T17:20:57","date_gmt":"2024-08-05T17:20:57","guid":{"rendered":"https:\/\/www.homscales.com\/product\/high-resolution-digital-baby-scale\/"},"modified":"2024-10-17T16:52:17","modified_gmt":"2024-10-17T16:52:17","slug":"high-resolution-digital-baby-scale","status":"publish","type":"product","link":"\/es\/565kl\/","title":{"rendered":"B\u00e1scula Pedi\u00e1trica Digital De Alta Resoluci\u00f3n"},"template":"","product_category":[92,116],"facility_type":[93,128,130],"type_of_scale":[],"scale_format":[150,153],"capacity":[],"certification":[],"acf":[],"_links":{"self":[{"href":"\/es\/wp-json\/wp\/v2\/product\/10061"}],"collection":[{"href":"\/es\/wp-json\/wp\/v2\/product"}],"about":[{"href":"\/es\/wp-json\/wp\/v2\/types\/product"}],"version-history":[{"count":9,"href":"\/es\/wp-json\/wp\/v2\/product\/10061\/revisions"}],"predecessor-version":[{"id":10539,"href":"\/es\/wp-json\/wp\/v2\/product\/10061\/revisions\/10539"}],"wp:attachment":[{"href":"\/es\/wp-json\/wp\/v2\/media?parent=10061"}],"wp:term":[{"taxonomy":"product_category","embeddable":true,"href":"\/es\/wp-json\/wp\/v2\/product_category?post=10061"},{"taxonomy":"facility_type","embeddable":true,"href":"\/es\/wp-json\/wp\/v2\/facility_type?post=10061"},{"taxonomy":"type_of_scale","embeddable":true,"href":"\/es\/wp-json\/wp\/v2\/type_of_scale?post=10061"},{"taxonomy":"scale_format","embeddable":true,"href":"\/es\/wp-json\/wp\/v2\/scale_format?post=10061"},{"taxonomy":"capacity","embeddable":true,"href":"\/es\/wp-json\/wp\/v2\/capacity?post=10061"},{"taxonomy":"certification","embeddable":true,"href":"\/es\/wp-json\/wp\/v2\/certification?post=10061"}],"curies":[{"name":"wp","href":"https:\/\/api.w.org\/{rel}","templated":true}]}}